{"id":38,"date":"2006-04-05T10:40:06","date_gmt":"2006-04-05T10:40:06","guid":{"rendered":"http:\/\/locus-solus-fr.net\/?page_id=38"},"modified":"2008-06-06T22:01:34","modified_gmt":"2008-06-06T21:01:34","slug":"monselet","status":"publish","type":"page","link":"https:\/\/www.locus-solus-fr.net\/?page_id=38","title":{"rendered":"Charles Monselet (1823-1888)"},"content":{"rendered":"<p align=\"center\"><img decoding=\"async\" src=\"http:\/\/locus-solus-fr.net\/wp-admin\/..\/img\/monselet.jpg\" title=\"charles-monselet\" alt=\"charles-monselet\" \/><\/p>\n<p align=\"center\"><small>Andr\u00e9 Gill (v. 1860)<\/small><\/p>\n<p align=\"justify\">\u00ab\u00a0<em>Toute biblioth\u00e8que de lettr\u00e9 s&rsquo;honore d&rsquo;un second rayon o\u00f9 sont rang\u00e9s les ouvrages de valeur que le temps a d\u00e9daign\u00e9s<\/em>\u00ab\u00a0, \u00e9crivait au d\u00e9but du XXe si\u00e8cle l&rsquo;\u00e9rudit Chaffiol-Debillemont. Par principe autant que par go\u00fbt personnel, Charles Monselet fr\u00e9quentait de pr\u00e9f\u00e9rence ce rayon, parfois plus int\u00e9ressant que le premier o\u00f9 se serrent les oeuvres de la litt\u00e9rature recommandable.<\/p>\n<p align=\"justify\">Polygraphe, \u00e9rudit et fin bibliophile, Monselet fut l&rsquo;un des touche-\u00e0-tout les plus attachants d&rsquo;une \u00e9poque qui en produisit en quantit\u00e9. Sa silhouette repl\u00e8te et ses fa\u00e7ons d&rsquo;abb\u00e9 de cour faisaient la joie des caricaturistes. Sa prose s\u00e9duit par l&rsquo;alliage de finesse et de naturel bon enfant. Fils d&rsquo;un libraire nantais, il publie ses premiers po\u00e8mes \u00e0 quatorze ans, avant de gagner Paris o\u00f9 il se lie d&rsquo;amiti\u00e9 avec Baudelaire, Nerval et Gautier. Il ne tarde pas \u00e0 se signaler comme un amateur de curiosit\u00e9s litt\u00e9raires doubl\u00e9 d&rsquo;un grand d\u00e9terreur d&rsquo;\u00e9crivains ignor\u00e9s : son livre le plus c\u00e9l\u00e8bre, <em>les Oubli\u00e9s et les D\u00e9daign\u00e9s<\/em>, est consacr\u00e9 \u00e0 la r\u00e9habilitation d&rsquo;auteurs m\u00e9connus du XVIIIe si\u00e8cle. L&rsquo;un des premiers, il d\u00e9fend l&rsquo;\u00e9trange Xavier Forneret et tire Restif de la Bretonne de l&rsquo;oubli relatif o\u00f9 celui-ci \u00e9tait tomb\u00e9 au milieu du XIXe si\u00e8cle.<\/p>\n<p align=\"justify\">\u00ab\u00a0Martyr de la copie\u00a0\u00bb, ainsi qu&rsquo;il se plaisait \u00e0 se d\u00e9finir [1], Monselet a publi\u00e9 des centaines d&rsquo;articles et pr\u00e8s de quatre-vingts volumes : po\u00e8mes, romans, parodies, chroniques, essais, r\u00e9cits de voyage, sans oublier de savoureux souvenirs litt\u00e9raires et un dictionnaire assassin et d\u00e9sopilant des \u00e9crivains de son temps, <em>la Lorgnette litt\u00e9raire<\/em>. Ce gourmet fameux r\u00e9gna aussi sur la chronique de table, genre dont il fut l&rsquo;un des inventeurs. Il \u00e9crivit une vie de Grimod de la Rayni\u00e8re qui est un mod\u00e8le du genre, composa de nombreuses fantaisies gourmandes. Ses sonnets c\u00e9l\u00e8brent l&rsquo;andouillette, la truite et la julienne en vers de mirliton. L&rsquo;un d&rsquo;entre eux d\u00e9bute ainsi :<\/p>\n<p align=\"justify\"><em>Mignonne allons voir si les hu\u00eetres<br \/>\nSont ouvertes au restaurant<\/em><\/p>\n<p align=\"justify\">On voit par l\u00e0 que le go\u00fbt de la mystification ne lui \u00e9tait pas \u00e9tranger. Pendant trente ans, il v\u00e9cut de critique th\u00e9\u00e2trale au <em>Monde illustr\u00e9<\/em> sans jamais assister aux pi\u00e8ces dont il rendait compte, affirmait-il, \u00ab\u00a0<em>afin de ne pas \u00eatre influenc\u00e9<\/em>\u00ab\u00a0.<\/p>\n<p align=\"justify\">Monselet est chichement r\u00e9\u00e9dit\u00e9, le plus souvent chez de petits \u00e9diteurs. C&rsquo;est Plein-Chant qui a r\u00e9imprim\u00e9, avec son soin coutumier, <em>les Oubli\u00e9s et les D\u00e9daign\u00e9s<\/em>. C&rsquo;est au L\u00e9rot qu&rsquo;on trouvera <em>la Lorgnette litt\u00e9raire<\/em>, volume que je me permets de vous recommander en priorit\u00e9. Les trois quarts des \u00e9crivains portraitur\u00e9s nous sont devenus inconnus, mais \u00e7a n&rsquo;a pas d&rsquo;importance : le coup de griffe est irr\u00e9sistible, et Monselet a si bien \u00e9pingl\u00e9 des types litt\u00e9raires qu&rsquo;il suffit de changer les noms pour retrouver les \u00e9crivains et la com\u00e9die des lettres d&rsquo;aujourd&rsquo;hui.<\/p>\n<p align=\"justify\">Disponibles \u00e9galement, l&rsquo;anthologie <em>la Cuisini\u00e8re po\u00e9tique<\/em> (le Promeneur), <em>la Journ\u00e9e du marchand de vins<\/em> (S\u00e9quences), <em>En M\u00e9doc<\/em> (William Blake and Co.)<\/p>\n<p align=\"justify\">Sylvain Goudemare avait r\u00e9uni une bonne anthologie aux \u00e9ditions du Griot, <em>le Plaisir et l&rsquo;Amour<\/em> ; je crains qu&rsquo;elle soit \u00e9puis\u00e9e.<\/p>\n<p align=\"justify\">Il faudrait tout de m\u00eame r\u00e9\u00e9diter ses chroniques et ses souvenirs litt\u00e9raires.<\/p>\n<p align=\"justify\">Sinon, on trouve assez facilement du Monselet dans les librairies d&rsquo;ancien, \u00e0 condition de pouvoir y mettre le prix.<\/p>\n<p align=\"justify\">1. <em>Ma verve fut vite \u00e9touff\u00e9e<br \/>\nSous le journal, triste fardeau<br \/>\nLa servante chassa la f\u00e9e<br \/>\nL&rsquo;article tua le rondeau.<\/em><br \/>\nQuatrain que tout r\u00e9dacteur pay\u00e9 \u00e0 la ligne, votre serviteur inclus, pourrait arborer en blason.<\/p>\n","protected":false},"excerpt":{"rendered":"<p>Andr\u00e9 Gill (v. 1860) \u00ab\u00a0Toute biblioth\u00e8que de lettr\u00e9 s&rsquo;honore d&rsquo;un second rayon o\u00f9 sont rang\u00e9s les ouvrages de valeur que le temps a d\u00e9daign\u00e9s\u00ab\u00a0, \u00e9crivait au d\u00e9but du XXe si\u00e8cle l&rsquo;\u00e9rudit Chaffiol-Debillemont. Par principe autant que par go\u00fbt personnel, Charles Monselet fr\u00e9quentait de pr\u00e9f\u00e9rence ce rayon, parfois plus int\u00e9ressant que le premier o\u00f9 se serrent [&hellip;]<\/p>\n","protected":false},"author":1,"featured_media":0,"parent":0,"menu_order":0,"comment_status":"closed","ping_status":"closed","template":"","meta":{"footnotes":""},"class_list":["post-38","page","type-page","status-publish","hentry"],"_links":{"self":[{"href":"https:\/\/www.locus-solus-fr.net\/index.php?rest_route=\/wp\/v2\/pages\/38","targetHints":{"allow":["GET"]}}],"collection":[{"href":"https:\/\/www.locus-solus-fr.net\/index.php?rest_route=\/wp\/v2\/pages"}],"about":[{"href":"https:\/\/www.locus-solus-fr.net\/index.php?rest_route=\/wp\/v2\/types\/page"}],"author":[{"embeddable":true,"href":"https:\/\/www.locus-solus-fr.net\/index.php?rest_route=\/wp\/v2\/users\/1"}],"replies":[{"embeddable":true,"href":"https:\/\/www.locus-solus-fr.net\/index.php?rest_route=%2Fwp%2Fv2%2Fcomments&post=38"}],"version-history":[{"count":0,"href":"https:\/\/www.locus-solus-fr.net\/index.php?rest_route=\/wp\/v2\/pages\/38\/revisions"}],"wp:attachment":[{"href":"https:\/\/www.locus-solus-fr.net\/index.php?rest_route=%2Fwp%2Fv2%2Fmedia&parent=38"}],"curies":[{"name":"wp","href":"https:\/\/api.w.org\/{rel}","templated":true}]}}